{"id":4308,"date":"2021-09-28T14:42:32","date_gmt":"2021-09-28T11:42:32","guid":{"rendered":"https:\/\/kuljetus-soderholm.medialuotsidemot.fi\/etusivu\/"},"modified":"2025-08-25T10:50:31","modified_gmt":"2025-08-25T07:50:31","slug":"startsida","status":"publish","type":"page","link":"https:\/\/kuljetus-soderholm.fi\/sv\/","title":{"rendered":"Startsida"},"content":{"rendered":"\r\n\r\n<section class=\"hero site-banner banner-bg-image section-default default alignfull image\">\r\n\r\n    <div class=\"site-banner-bg section-bg-image ob-position\" style=\"object-position: 50% 40%\" >\r\n\r\n        <img loading=\"lazy\" decoding=\"async\" width=\"2500\" height=\"2029\" src=\"https:\/\/kuljetus-soderholm.fi\/wp-content\/uploads\/2025\/08\/transportfirma-tg-soderholm-6.jpg\" class=\"attachment-1536\u00d71536 size-1536\u00d71536\" alt=\"\" srcset=\"https:\/\/kuljetus-soderholm.fi\/wp-content\/uploads\/2025\/08\/transportfirma-tg-soderholm-6.jpg 2500w, https:\/\/kuljetus-soderholm.fi\/wp-content\/uploads\/2025\/08\/transportfirma-tg-soderholm-6-300x243.jpg 300w, https:\/\/kuljetus-soderholm.fi\/wp-content\/uploads\/2025\/08\/transportfirma-tg-soderholm-6-1024x831.jpg 1024w, https:\/\/kuljetus-soderholm.fi\/wp-content\/uploads\/2025\/08\/transportfirma-tg-soderholm-6-768x623.jpg 768w, https:\/\/kuljetus-soderholm.fi\/wp-content\/uploads\/2025\/08\/transportfirma-tg-soderholm-6-1536x1247.jpg 1536w, https:\/\/kuljetus-soderholm.fi\/wp-content\/uploads\/2025\/08\/transportfirma-tg-soderholm-6-2048x1662.jpg 2048w\" sizes=\"auto, (max-width: 2500px) 100vw, 2500px\" \/>\r\n        \r\n            <div class=\"site-banner-content container\">\r\n                <div class=\"row w-100\">\r\n                    <div class=\"col-md-12\">\r\n\r\n                        <h1 class=\"hero-title\"> Tillf\u00f6rlitliga markarbeten i Egentliga Finland<\/h1><div class=\"inner-content\">\r\n                            <div class=\"acf-innerblocks-container\">\n\n<p><\/p>\n\n<\/div>\r\n                        <\/div>                    <\/div>\r\n                <\/div>\r\n            <\/div>\r\n        \r\n        <\/div><\/section>\n\n\n<div class=\"wp-block-columns is-style-narrow is-layout-flex wp-container-core-columns-is-layout-9d6595d7 wp-block-columns-is-layout-flex\">\n<div class=\"wp-block-column is-layout-flow wp-block-column-is-layout-flow\">\n<p>Transportfirma T&amp;G S\u00f6derholm Ab erbjuder h\u00f6gkvalitativa jordmaterial och p\u00e5litliga markarbeten fr\u00e5n Pargas i Egentliga Finland. Vid behov betj\u00e4nar vi \u00e4ven andra delar av Finland snabbt och flexibelt.<\/p>\n\n\n\n<p>Vi har decennier av erfarenhet inom transportbranschen, och v\u00e5r leveranss\u00e4kerhet \u00e4r av h\u00f6gsta klass. Vi anv\u00e4nder modern och v\u00e4lunderh\u00e5llen utrustning.<\/p>\n\n\n\n<div class=\"wp-block-buttons is-layout-flex wp-block-buttons-is-layout-flex\">\n<div class=\"wp-block-button\"><a class=\"wp-block-button__link wp-element-button\" href=\"https:\/\/kuljetus-soderholm.fi\/sv\/kontaktinformation\/\">Kontakta oss och fr\u00e5ga mer!<\/a><\/div>\n<\/div>\n<\/div>\n<\/div>\n\n\n\n<div class=\"wp-block-group alignfull\"><div class=\"wp-block-group__inner-container is-layout-constrained wp-block-group-is-layout-constrained\">\n<div class=\"wp-block-group alignfull has-light-gray-background-color has-background\"><div class=\"wp-block-group__inner-container is-layout-constrained wp-block-group-is-layout-constrained\">\n<div class=\"wp-block-columns is-layout-flex wp-container-core-columns-is-layout-9d6595d7 wp-block-columns-is-layout-flex\">\n<div class=\"wp-block-column is-layout-flow wp-block-column-is-layout-flow\">\n<h3 class=\"wp-block-heading\">P\u00e5litlig<\/h3>\n\n\n\n<p>Vi \u00e4r ett p\u00e5litligt f\u00f6retag som h\u00e5ller fast vid de \u00f6verenskomna tidtabellerna. V\u00e5r leveranss\u00e4kerhet \u00e4r p\u00e5 topp.<\/p>\n<\/div>\n\n\n\n<div class=\"wp-block-column is-layout-flow wp-block-column-is-layout-flow\">\n<h3 class=\"wp-block-heading\">Erfaren<\/h3>\n\n\n\n<p>Du f\u00e5r en mycket erfaren partner. V\u00e5rt f\u00f6retag har varit verksamt inom transportbranschen i n\u00e4stan 70 \u00e5r.<\/p>\n<\/div>\n\n\n\n<div class=\"wp-block-column is-layout-flow wp-block-column-is-layout-flow\">\n<h3 class=\"wp-block-heading\">Modern utrustning<\/h3>\n\n\n\n<p>Vi anv\u00e4nder modern och v\u00e4lunderh\u00e5llen utrustning f\u00f6r att snabbt hantera b\u00e5de sm\u00e5 och stora uppdrag.<\/p>\n<\/div>\n<\/div>\n<\/div><\/div>\n\n\n<div class=\"image-and-text wp-block alignfull has-media-on-the-left\">\r\n<div class=\"row\">\r\n    <div class=\"col-12 col-md-6 image-col\">\r\n\r\n        <img loading=\"lazy\" decoding=\"async\" width=\"800\" height=\"593\" src=\"https:\/\/kuljetus-soderholm.fi\/wp-content\/uploads\/2025\/08\/transportfirma-tg-soderholm-4-1024x759.jpg\" class=\"attachment-large size-large\" alt=\"\" srcset=\"https:\/\/kuljetus-soderholm.fi\/wp-content\/uploads\/2025\/08\/transportfirma-tg-soderholm-4-1024x759.jpg 1024w, https:\/\/kuljetus-soderholm.fi\/wp-content\/uploads\/2025\/08\/transportfirma-tg-soderholm-4-300x222.jpg 300w, https:\/\/kuljetus-soderholm.fi\/wp-content\/uploads\/2025\/08\/transportfirma-tg-soderholm-4-768x569.jpg 768w, https:\/\/kuljetus-soderholm.fi\/wp-content\/uploads\/2025\/08\/transportfirma-tg-soderholm-4-1536x1139.jpg 1536w, https:\/\/kuljetus-soderholm.fi\/wp-content\/uploads\/2025\/08\/transportfirma-tg-soderholm-4-2048x1518.jpg 2048w\" sizes=\"auto, (max-width: 800px) 100vw, 800px\" \/>    <\/div>\r\n\r\n    <div class=\"col-12 col-md-6 text-col\"><div class=\"acf-innerblocks-container\">\n\n<h2 class=\"wp-block-heading\">Transportf\u00f6retaget T&amp;G S\u00f6derholm Ab<\/h2>\n\n\n\n<p>Transportfirma T&amp;G S\u00f6derholm Ab erbjuder erfarenhet och stark kompetens inom marktransporter. V\u00e5rt familjef\u00f6retag b\u00f6rjade sin verksamhet redan 1948. D\u00e5 reste Thor S\u00f6derholm till \u00c5land, d\u00e4r han k\u00f6pte en begagnad Chevrolet-lastbil. N\u00e4r lastbilen kom till fastlandet, b\u00f6rjade den unge mannen, som \u00e5terv\u00e4nt fr\u00e5n kriget, sin karri\u00e4r som chauff\u00f6r med markarbeten i Pargasomr\u00e5det.<\/p>\n\n\n\n<p>Idag har v\u00e5rt familjef\u00f6retag tio lastbilar. Verksamhetsomr\u00e5det har expanderat. F\u00f6retagets verksamhet leds av Thors son Gilbert och hans son Stefan. Hans fru Marianne sk\u00f6ter kontoret.<\/p>\n\n\n\n<p>Mer \u00e4n 70 \u00e5r av historia rymmer mycket, men en sak har inte f\u00f6r\u00e4ndrats: Vi erbjuder p\u00e5litlig service och transporter i Egentliga Finland. Vi satsar p\u00e5 kvalitet och s\u00e4kerhet. V\u00e5r personal \u00e4r professionell och utbildad. Vi tar ocks\u00e5 h\u00e4nsyn till v\u00e4gtrafiks\u00e4kerheten i alla v\u00e5ra k\u00f6rningar.<\/p>\n\n<\/div>\r\n<\/div>\r\n<\/div>\r\n<\/div>\n\n<div class=\"image-and-text wp-block alignfull has-media-on-the-right\">\r\n<div class=\"row\">\r\n    <div class=\"col-12 col-md-6 image-col\">\r\n\r\n        <img loading=\"lazy\" decoding=\"async\" width=\"800\" height=\"800\" src=\"https:\/\/kuljetus-soderholm.fi\/wp-content\/uploads\/2025\/08\/transportfirma-tg-soderholm-1024x1024.webp\" class=\"attachment-large size-large\" alt=\"\" srcset=\"https:\/\/kuljetus-soderholm.fi\/wp-content\/uploads\/2025\/08\/transportfirma-tg-soderholm-1024x1024.webp 1024w, https:\/\/kuljetus-soderholm.fi\/wp-content\/uploads\/2025\/08\/transportfirma-tg-soderholm-300x300.webp 300w, https:\/\/kuljetus-soderholm.fi\/wp-content\/uploads\/2025\/08\/transportfirma-tg-soderholm-150x150.webp 150w, https:\/\/kuljetus-soderholm.fi\/wp-content\/uploads\/2025\/08\/transportfirma-tg-soderholm-768x769.webp 768w, https:\/\/kuljetus-soderholm.fi\/wp-content\/uploads\/2025\/08\/transportfirma-tg-soderholm.webp 1438w\" sizes=\"auto, (max-width: 800px) 100vw, 800px\" \/>    <\/div>\r\n\r\n    <div class=\"col-12 col-md-6 text-col\"><div class=\"acf-innerblocks-container\">\n\n<h2 class=\"wp-block-heading\">Kompetens inom markarbeten<\/h2>\n\n\n\n<p>V\u00e5ra tj\u00e4nster omfattar transport av jordmaterial. Vi transporterar alla typer av laster, till exempel jord, grus, sand, fyllnadsmaterial och kross. V\u00e5r service omfattar \u00e4ven transport av maskiner och l\u00f6sflak.<\/p>\n\n\n\n<p>Vi kan genomf\u00f6ra transporter med kort varsel och alltid h\u00e5lla \u00f6verenskomna leveranstider. L\u00e4s mer och beg\u00e4r en offert f\u00f6r marktransporter!<\/p>\n\n\n\n<div class=\"wp-block-buttons is-layout-flex wp-block-buttons-is-layout-flex\">\n<div class=\"wp-block-button\"><a class=\"wp-block-button__link wp-element-button\" href=\"https:\/\/kuljetus-soderholm.fi\/sv\/jordmaterial\/\">Mer om mark\u00f6verf\u00f6ringar<\/a><\/div>\n<\/div>\n\n<\/div>\r\n<\/div>\r\n<\/div>\r\n<\/div>\n\n<div class=\"image-and-text wp-block alignfull has-media-on-the-left\">\r\n<div class=\"row\">\r\n    <div class=\"col-12 col-md-6 image-col\">\r\n\r\n        <img loading=\"lazy\" decoding=\"async\" width=\"800\" height=\"373\" src=\"https:\/\/kuljetus-soderholm.fi\/wp-content\/uploads\/2025\/08\/transportfirma-tg-soderholm-3-1024x478.jpg\" class=\"attachment-large size-large\" alt=\"\" srcset=\"https:\/\/kuljetus-soderholm.fi\/wp-content\/uploads\/2025\/08\/transportfirma-tg-soderholm-3-1024x478.jpg 1024w, https:\/\/kuljetus-soderholm.fi\/wp-content\/uploads\/2025\/08\/transportfirma-tg-soderholm-3-300x140.jpg 300w, https:\/\/kuljetus-soderholm.fi\/wp-content\/uploads\/2025\/08\/transportfirma-tg-soderholm-3-768x359.jpg 768w, https:\/\/kuljetus-soderholm.fi\/wp-content\/uploads\/2025\/08\/transportfirma-tg-soderholm-3-1536x717.jpg 1536w, https:\/\/kuljetus-soderholm.fi\/wp-content\/uploads\/2025\/08\/transportfirma-tg-soderholm-3.jpg 2000w\" sizes=\"auto, (max-width: 800px) 100vw, 800px\" \/>    <\/div>\r\n\r\n    <div class=\"col-12 col-md-6 text-col\"><div class=\"acf-innerblocks-container\">\n\n<h2 class=\"wp-block-heading\">H\u00f6gkvalitativa jordmaterial<\/h2>\n\n\n\n<p>Vi s\u00e4ljer h\u00f6gkvalitativa jordmaterial. V\u00e5rt sortiment omfattar grus, jord, kross och andra jordmaterial.<\/p>\n\n\n\n<p>Vi transporterar jordmaterial till \u00f6nskad adress med v\u00e5r h\u00f6gkvalitativa utrustning. Leveranser kan g\u00f6ras snabbt vid behov. Med v\u00e5r utrustning kan vi ocks\u00e5 tillgodose st\u00f6rre byggprojekts behov.<\/p>\n\n\n\n<div class=\"wp-block-buttons is-layout-flex wp-block-buttons-is-layout-flex\">\n<div class=\"wp-block-button\"><a class=\"wp-block-button__link wp-element-button\" href=\"https:\/\/kuljetus-soderholm.fi\/sv\/jordmaterial\/\">L\u00e4s mer<\/a><\/div>\n<\/div>\n\n<\/div>\r\n<\/div>\r\n<\/div>\r\n<\/div>\n\n<div class=\"image-and-text wp-block alignfull has-media-on-the-right\">\r\n<div class=\"row\">\r\n    <div class=\"col-12 col-md-6 image-col\">\r\n\r\n        <img loading=\"lazy\" decoding=\"async\" width=\"800\" height=\"873\" src=\"https:\/\/kuljetus-soderholm.fi\/wp-content\/uploads\/2025\/08\/transportfirma-t-g-soderholm-ab-5-938x1024.webp\" class=\"attachment-large size-large\" alt=\"\" srcset=\"https:\/\/kuljetus-soderholm.fi\/wp-content\/uploads\/2025\/08\/transportfirma-t-g-soderholm-ab-5-938x1024.webp 938w, https:\/\/kuljetus-soderholm.fi\/wp-content\/uploads\/2025\/08\/transportfirma-t-g-soderholm-ab-5-275x300.webp 275w, https:\/\/kuljetus-soderholm.fi\/wp-content\/uploads\/2025\/08\/transportfirma-t-g-soderholm-ab-5-768x839.webp 768w, https:\/\/kuljetus-soderholm.fi\/wp-content\/uploads\/2025\/08\/transportfirma-t-g-soderholm-ab-5-1407x1536.webp 1407w, https:\/\/kuljetus-soderholm.fi\/wp-content\/uploads\/2025\/08\/transportfirma-t-g-soderholm-ab-5.webp 1534w\" sizes=\"auto, (max-width: 800px) 100vw, 800px\" \/>    <\/div>\r\n\r\n    <div class=\"col-12 col-md-6 text-col\"><div class=\"acf-innerblocks-container\">\n\n<h2 class=\"wp-block-heading\">Modern utrustning<\/h2>\n\n\n\n<p>V\u00e5r utrustning \u00e4r v\u00e4lunderh\u00e5llen och modern. V\u00e5r utrustning och starka yrkeskunnande garanterar att leveranser alltid genomf\u00f6rs enligt \u00f6verenskommet schema.<\/p>\n\n\n\n<p>V\u00e5r transportutrustning best\u00e5r av:<\/p>\n\n\n\n<ul class=\"wp-block-list\">\n<li>Trehjuliga, fyrhjuliga och femhjuliga dragbilar<\/li>\n\n\n\n<li>Grus kasett<\/li>\n\n\n\n<li>3 st Asfalts kasett flak<\/li>\n\n\n\n<li>P\u00e5h\u00e4ngsvagn med asfalts flak<\/li>\n\n\n\n<li>P\u00e5h\u00e4ngsvagn med spr\u00e4ngstens flak<\/li>\n\n\n\n<li>Dragbil med Spr\u00e4ngstens flak<\/li>\n\n\n\n<li>Krokbil<\/li>\n<\/ul>\n\n\n\n<div class=\"wp-block-buttons is-layout-flex wp-block-buttons-is-layout-flex\">\n<div class=\"wp-block-button\"><a class=\"wp-block-button__link wp-element-button\" href=\"https:\/\/kuljetus-soderholm.fi\/sv\/kontaktinformation\/\">Kontakta oss och be om mer information.<\/a><\/div>\n<\/div>\n\n<\/div>\r\n<\/div>\r\n<\/div>\r\n<\/div>\n\n\n<div class=\"wp-block-cover alignfull is-light is-style-blur-image\"><img decoding=\"async\" class=\"wp-block-cover__image-background wp-image-2341\" alt=\"\" src=\"https:\/\/kuljetus-soderholm.fi\/wp-content\/uploads\/2022\/07\/pexels-jonathan-cooper-11643608.jpg\" style=\"object-position:50% 58%\" data-object-fit=\"cover\" data-object-position=\"50% 58%\"\/><span aria-hidden=\"true\" class=\"wp-block-cover__background has-light-gray-background-color has-background-dim-70 has-background-dim\"><\/span><div class=\"wp-block-cover__inner-container is-layout-flow wp-block-cover-is-layout-flow\">\n<h2 class=\"wp-block-heading has-text-align-center has-black-color has-text-color has-link-color wp-elements-ea2c6e5bcae9ccddce100c6514293641\">V\u00e5ra tj\u00e4nster<\/h2>\n\n\n\n<p class=\"has-text-align-center has-black-color has-text-color has-link-color wp-elements-2c950a12f6885a982e3fc12479082c2c\">Vi erbjuder marktransporter och levererar de jordmaterial du beh\u00f6ver till din destination. V\u00e5ra skickliga chauff\u00f6rer levererar lasten s\u00e4kert till r\u00e4tt plats med h\u00f6gkvalitativ utrustning.<\/p>\n\n\n\n<p class=\"has-text-align-center has-black-color has-text-color\"><strong>Vi utf\u00f6r markarbeten med l\u00e5ng erfarenhet och p\u00e5litlighet i Egentliga Finland.<\/strong> <br>Vid behov transporterar vi l\u00e4ngre str\u00e4ckor.<\/p>\n\n\n\n<div class=\"wp-block-buttons mb-0 mt-3 is-content-justification-center is-layout-flex wp-container-core-buttons-is-layout-28206b41 wp-block-buttons-is-layout-flex\">\n<div class=\"wp-block-button is-style-fill\"><a class=\"wp-block-button__link wp-element-button\" href=\"https:\/\/kuljetus-soderholm.fi\/sv\/kontaktinformation\/\">Kontakta oss<\/a><\/div>\n<\/div>\n<\/div><\/div>\n<\/div><\/div>\n\n\n\r\n<div class=\"wp-block logowall\">\r\n    <div class=\"acf-innerblocks-container\">\n\n<figure class=\"wp-block-image size-full\"><img loading=\"lazy\" decoding=\"async\" width=\"153\" height=\"64\" src=\"https:\/\/kuljetus-soderholm.fi\/wp-content\/uploads\/2025\/08\/luotettava-kumppani-msi-jpg-1920w.webp\" alt=\"\" class=\"wp-image-4224\" srcset=\"https:\/\/kuljetus-soderholm.fi\/wp-content\/uploads\/2025\/08\/luotettava-kumppani-msi-jpg-1920w.webp 153w, https:\/\/kuljetus-soderholm.fi\/wp-content\/uploads\/2025\/08\/luotettava-kumppani-msi-jpg-1920w-150x64.webp 150w\" sizes=\"auto, (max-width: 153px) 100vw, 153px\" \/><\/figure>\n\n\n\n<figure class=\"wp-block-image size-full\"><img loading=\"lazy\" decoding=\"async\" width=\"133\" height=\"57\" src=\"https:\/\/kuljetus-soderholm.fi\/wp-content\/uploads\/2025\/08\/skal-msi-jpg-1920w.webp\" alt=\"\" class=\"wp-image-4227\"\/><\/figure>\n\n\n\n<figure class=\"wp-block-image size-full\"><img loading=\"lazy\" decoding=\"async\" width=\"754\" height=\"265\" src=\"https:\/\/kuljetus-soderholm.fi\/wp-content\/uploads\/2025\/08\/textright-black-1080x265-1-e1755764605251.png\" alt=\"\" class=\"wp-image-4285\" srcset=\"https:\/\/kuljetus-soderholm.fi\/wp-content\/uploads\/2025\/08\/textright-black-1080x265-1-e1755764605251.png 754w, https:\/\/kuljetus-soderholm.fi\/wp-content\/uploads\/2025\/08\/textright-black-1080x265-1-e1755764605251-300x105.png 300w\" sizes=\"auto, (max-width: 754px) 100vw, 754px\" \/><\/figure>\n\n<\/div><\/div>","protected":false},"excerpt":{"rendered":"<p>Transportfirma T&amp;G S\u00f6derholm Ab erbjuder h\u00f6gkvalitativa jordmaterial och p\u00e5litliga markarbeten fr\u00e5n Pargas i Egentliga Finland. Vid behov betj\u00e4nar vi \u00e4ven andra delar av Finland snabbt och flexibelt. Vi har decennier av erfarenhet inom transportbranschen, och v\u00e5r leveranss\u00e4kerhet \u00e4r av h\u00f6gsta klass. Vi anv\u00e4nder modern och v\u00e4lunderh\u00e5llen utrustning. P\u00e5litlig Vi \u00e4r ett p\u00e5litligt f\u00f6retag som h\u00e5ller [&hellip;]<\/p>\n","protected":false},"author":1,"featured_media":0,"parent":0,"menu_order":1,"comment_status":"closed","ping_status":"closed","template":"","meta":{"_acf_changed":false,"footnotes":""},"class_list":["post-4308","page","type-page","status-publish","hentry"],"acf":[],"aioseo_notices":[],"_links":{"self":[{"href":"https:\/\/kuljetus-soderholm.fi\/sv\/wp-json\/wp\/v2\/pages\/4308","targetHints":{"allow":["GET"]}}],"collection":[{"href":"https:\/\/kuljetus-soderholm.fi\/sv\/wp-json\/wp\/v2\/pages"}],"about":[{"href":"https:\/\/kuljetus-soderholm.fi\/sv\/wp-json\/wp\/v2\/types\/page"}],"author":[{"embeddable":true,"href":"https:\/\/kuljetus-soderholm.fi\/sv\/wp-json\/wp\/v2\/users\/1"}],"replies":[{"embeddable":true,"href":"https:\/\/kuljetus-soderholm.fi\/sv\/wp-json\/wp\/v2\/comments?post=4308"}],"version-history":[{"count":0,"href":"https:\/\/kuljetus-soderholm.fi\/sv\/wp-json\/wp\/v2\/pages\/4308\/revisions"}],"wp:attachment":[{"href":"https:\/\/kuljetus-soderholm.fi\/sv\/wp-json\/wp\/v2\/media?parent=4308"}],"curies":[{"name":"wp","href":"https:\/\/api.w.org\/{rel}","templated":true}]}}