{"id":4312,"date":"2021-10-15T09:22:11","date_gmt":"2021-10-15T06:22:11","guid":{"rendered":"https:\/\/kuljetus-soderholm.medialuotsidemot.fi\/maa-ainekset\/"},"modified":"2025-08-21T12:30:57","modified_gmt":"2025-08-21T09:30:57","slug":"jordmaterial","status":"publish","type":"page","link":"https:\/\/kuljetus-soderholm.fi\/sv\/jordmaterial\/","title":{"rendered":"Jordmaterial"},"content":{"rendered":"\r\n\r\n<section class=\"hero site-banner banner-bg-image section-default default alignfull image\">\r\n\r\n    <div class=\"site-banner-bg section-bg-image ob-position\" style=\"object-position: 50% 55%\" >\r\n\r\n        <img loading=\"lazy\" decoding=\"async\" width=\"1500\" height=\"1500\" src=\"https:\/\/kuljetus-soderholm.fi\/wp-content\/uploads\/2025\/08\/transportfirma-tg-soderholm-2.webp\" class=\"attachment-1536\u00d71536 size-1536\u00d71536\" alt=\"\" srcset=\"https:\/\/kuljetus-soderholm.fi\/wp-content\/uploads\/2025\/08\/transportfirma-tg-soderholm-2.webp 1500w, https:\/\/kuljetus-soderholm.fi\/wp-content\/uploads\/2025\/08\/transportfirma-tg-soderholm-2-300x300.webp 300w, https:\/\/kuljetus-soderholm.fi\/wp-content\/uploads\/2025\/08\/transportfirma-tg-soderholm-2-1024x1024.webp 1024w, https:\/\/kuljetus-soderholm.fi\/wp-content\/uploads\/2025\/08\/transportfirma-tg-soderholm-2-150x150.webp 150w, https:\/\/kuljetus-soderholm.fi\/wp-content\/uploads\/2025\/08\/transportfirma-tg-soderholm-2-768x768.webp 768w\" sizes=\"auto, (max-width: 1500px) 100vw, 1500px\" \/>\r\n        \r\n            <div class=\"site-banner-content container\">\r\n                <div class=\"row w-100\">\r\n                    <div class=\"col-md-12\">\r\n\r\n                        <h1 class=\"hero-title\">Transport och f\u00f6rs\u00e4ljning av jordmaterial i Egentliga Finland<\/h1><div class=\"inner-content\">\r\n                            <div class=\"acf-innerblocks-container\">\n\n<p><br><\/p>\n\n<\/div>\r\n                        <\/div>                    <\/div>\r\n                <\/div>\r\n            <\/div>\r\n        \r\n        <\/div><\/section>\n\n\n<div class=\"wp-block-columns is-style-narrow is-layout-flex wp-container-core-columns-is-layout-9d6595d7 wp-block-columns-is-layout-flex\">\n<div class=\"wp-block-column is-layout-flow wp-block-column-is-layout-flow\">\n<p>Transportf\u00f6retaget T&amp;G S\u00f6derholm Ab erbjuder tj\u00e4nster inom transport och f\u00f6rs\u00e4ljning av jordmaterial. Vi sk\u00f6ter transporterna inom Egentliga Finland.<\/p>\n<\/div>\n<\/div>\n\n\n\n<div class=\"wp-block-group alignfull\"><div class=\"wp-block-group__inner-container is-layout-constrained wp-block-group-is-layout-constrained\">\n<div class=\"wp-block-group alignfull has-light-gray-background-color has-background\"><div class=\"wp-block-group__inner-container is-layout-constrained wp-block-group-is-layout-constrained\">\n<h2 class=\"wp-block-heading\">Markarbeten med yrkesskicklighet<\/h2>\n\n\n\n<p>Transportf\u00f6retaget T&amp;G S\u00f6derholm utf\u00f6r marktransporter med yrkesskicklighet fr\u00e5n Pargas. Vi g\u00f6r transporter huvudsakligen i Egentliga Finland, men vid behov ocks\u00e5 i andra delar av Finland. Vi hj\u00e4lper till med snabb leverans och sk\u00f6ter arbetet p\u00e5litligt enligt \u00f6verenskomna tidsramar.<\/p>\n\n\n\n<p>Vi utf\u00f6r alla typer av transporter f\u00f6r b\u00e5de f\u00f6retag och privatpersoner. Vi transporterar exempelvis jord, kross, grus, sand, fyllnadsmaterial och krosssten. Vi erbjuder \u00e4ven transport av maskiner och v\u00e4xell\u00e5dor.<\/p>\n\n\n\n<div class=\"wp-block-buttons is-layout-flex wp-block-buttons-is-layout-flex\">\n<div class=\"wp-block-button\"><a class=\"wp-block-button__link wp-element-button\" href=\"https:\/\/kuljetus-soderholm.fi\/sv\/kontaktinformation\/\">Kontakta oss och beg\u00e4r en offert<\/a><\/div>\n<\/div>\n<\/div><\/div>\n\n\n<div class=\"image-and-text wp-block alignfull has-media-on-the-left\">\r\n<div class=\"row\">\r\n    <div class=\"col-12 col-md-6 image-col\">\r\n\r\n        <img loading=\"lazy\" decoding=\"async\" width=\"768\" height=\"1024\" src=\"https:\/\/kuljetus-soderholm.fi\/wp-content\/uploads\/2025\/08\/transportfirma-tg-soderholm-5-768x1024.jpg\" class=\"attachment-large size-large\" alt=\"\" srcset=\"https:\/\/kuljetus-soderholm.fi\/wp-content\/uploads\/2025\/08\/transportfirma-tg-soderholm-5-768x1024.jpg 768w, https:\/\/kuljetus-soderholm.fi\/wp-content\/uploads\/2025\/08\/transportfirma-tg-soderholm-5-225x300.jpg 225w, https:\/\/kuljetus-soderholm.fi\/wp-content\/uploads\/2025\/08\/transportfirma-tg-soderholm-5-1152x1536.jpg 1152w, https:\/\/kuljetus-soderholm.fi\/wp-content\/uploads\/2025\/08\/transportfirma-tg-soderholm-5.jpg 1500w\" sizes=\"auto, (max-width: 768px) 100vw, 768px\" \/>    <\/div>\r\n\r\n    <div class=\"col-12 col-md-6 text-col\"><div class=\"acf-innerblocks-container\">\n\n<h2 class=\"wp-block-heading\">M\u00e5ngsidigt jordmaterial<\/h2>\n\n\n\n<p>Vi s\u00e4ljer grus, jord, kross och andra jordmaterial. Vi transporterar dem till \u00f6nskad adress inom Egentliga Finland.<\/p>\n\n\n\n<p><strong>Grus och kornstorlekar (mm):<\/strong><\/p>\n\n\n\n<ul class=\"wp-block-list\">\n<li>0\u221290: B\u00e4rlager f\u00f6r hus- och v\u00e4gbyggen<\/li>\n\n\n\n<li>0\u221263:<\/li>\n\n\n\n<li>0\u221232: Delat material f\u00f6r att h\u00f6ja h\u00e5llbarheten efter b\u00e4rlager<\/li>\n\n\n\n<li>0\u221216: Ytbel\u00e4ggning f\u00f6r v\u00e4gar, grovt ytmaterial<\/li>\n\n\n\n<li>0\u221211: Ytmaterial f\u00f6r tr\u00e4dg\u00e5rdar och relaxomr\u00e5den, efter behov<\/li>\n\n\n\n<li>0\u22128:<\/li>\n\n\n\n<li>0\u22122: F\u00f6r plattl\u00e4ggning och andra omr\u00e5den som kr\u00e4ver finare material.<\/li>\n<\/ul>\n\n\n\n<p><strong>Sorterad s\u00e5 kallad krossgrus (mm):<\/strong><\/p>\n\n\n\n<ul class=\"wp-block-list\">\n<li>Byggarbetsplatser: Sorterat och krossat grus som kapill\u00e4rbrytning f\u00f6r husfundament<\/li>\n\n\n\n<li>16\u221232: F\u00f6r fundamentets kant och utomhusfylla<\/li>\n\n\n\n<li>8\u221216: F\u00f6r dr\u00e4nering runt fundament<\/li>\n\n\n\n<li>2\u22128: F\u00f6r halkbek\u00e4mpning, vinterunderh\u00e5ll p\u00e5 fastigheter<\/li>\n<\/ul>\n\n\n\n<p><strong>\u00d6vrigt jordmaterial:<\/strong><\/p>\n\n\n\n<ul class=\"wp-block-list\">\n<li>Jord: Sorterad f\u00f6r landskapsv\u00e5rd, t.ex. gr\u00e4splantering<\/li>\n\n\n\n<li>Krosssten 600 mm: Fr\u00e5n stenbrott f\u00f6r stenmurar och inredning<\/li>\n\n\n\n<li>Fyllnadsmaterial 20\u201380 mm + 80\u2013250 mm: F\u00f6r stora fyllnadsarbeten<\/li>\n\n\n\n<li>Fyllsand<\/li>\n<\/ul>\n\n\n\n<div class=\"wp-block-buttons is-layout-flex wp-block-buttons-is-layout-flex\">\n<div class=\"wp-block-button\"><a class=\"wp-block-button__link wp-element-button\" href=\"https:\/\/kuljetus-soderholm.fi\/sv\/kontaktinformation\/\">Kontakta oss och l\u00e4gg en best\u00e4llning<\/a><\/div>\n<\/div>\n\n<\/div>\r\n<\/div>\r\n<\/div>\r\n<\/div>\n\n<div class=\"image-and-text wp-block alignfull has-media-on-the-right\">\r\n<div class=\"row\">\r\n    <div class=\"col-12 col-md-6 image-col\">\r\n\r\n        <img loading=\"lazy\" decoding=\"async\" width=\"720\" height=\"540\" src=\"https:\/\/kuljetus-soderholm.fi\/wp-content\/uploads\/2025\/08\/transportfirma-tg-soderholm-2.jpg\" class=\"attachment-large size-large\" alt=\"\" srcset=\"https:\/\/kuljetus-soderholm.fi\/wp-content\/uploads\/2025\/08\/transportfirma-tg-soderholm-2.jpg 720w, https:\/\/kuljetus-soderholm.fi\/wp-content\/uploads\/2025\/08\/transportfirma-tg-soderholm-2-300x225.jpg 300w\" sizes=\"auto, (max-width: 720px) 100vw, 720px\" \/>    <\/div>\r\n\r\n    <div class=\"col-12 col-md-6 text-col\"><div class=\"acf-innerblocks-container\">\n\n<h2 class=\"wp-block-heading\">H\u00f6gkvalitativ utrustning<\/h2>\n\n\n\n<p>Vi anv\u00e4nder modern och h\u00f6gkvalitativ utrustning som g\u00f6r att \u00e4ven stora projekt kan genomf\u00f6ras smidigt. Vi h\u00e5ller v\u00e5r utrustning i toppskick med regelbundna underh\u00e5ll och investeringar.<\/p>\n\n\n\n<h2 class=\"wp-block-heading\" style=\"font-size:20px\">Vi sk\u00f6ter transporterna av jordmaterial professionellt i Egentliga Finland och vid behov \u00e4ven i andra delar av Finland. <\/h2>\n\n\n\n<p>Vi ger g\u00e4rna ett erbjudande.<\/p>\n\n\n\n<div class=\"wp-block-buttons is-layout-flex wp-block-buttons-is-layout-flex\">\n<div class=\"wp-block-button\"><a class=\"wp-block-button__link wp-element-button\" href=\"https:\/\/kuljetus-soderholm.fi\/sv\/kontaktinformation\/\">Beg\u00e4r en offert<\/a><\/div>\n<\/div>\n\n<\/div>\r\n<\/div>\r\n<\/div>\r\n<\/div><\/div><\/div>\n","protected":false},"excerpt":{"rendered":"<p>Transportf\u00f6retaget T&amp;G S\u00f6derholm Ab erbjuder tj\u00e4nster inom transport och f\u00f6rs\u00e4ljning av jordmaterial. Vi sk\u00f6ter transporterna inom Egentliga Finland. Markarbeten med yrkesskicklighet Transportf\u00f6retaget T&amp;G S\u00f6derholm utf\u00f6r marktransporter med yrkesskicklighet fr\u00e5n Pargas. Vi g\u00f6r transporter huvudsakligen i Egentliga Finland, men vid behov ocks\u00e5 i andra delar av Finland. Vi hj\u00e4lper till med snabb leverans och sk\u00f6ter arbetet [&hellip;]<\/p>\n","protected":false},"author":1,"featured_media":0,"parent":0,"menu_order":2,"comment_status":"closed","ping_status":"closed","template":"","meta":{"_acf_changed":false,"footnotes":""},"class_list":["post-4312","page","type-page","status-publish","hentry"],"acf":[],"aioseo_notices":[],"_links":{"self":[{"href":"https:\/\/kuljetus-soderholm.fi\/sv\/wp-json\/wp\/v2\/pages\/4312","targetHints":{"allow":["GET"]}}],"collection":[{"href":"https:\/\/kuljetus-soderholm.fi\/sv\/wp-json\/wp\/v2\/pages"}],"about":[{"href":"https:\/\/kuljetus-soderholm.fi\/sv\/wp-json\/wp\/v2\/types\/page"}],"author":[{"embeddable":true,"href":"https:\/\/kuljetus-soderholm.fi\/sv\/wp-json\/wp\/v2\/users\/1"}],"replies":[{"embeddable":true,"href":"https:\/\/kuljetus-soderholm.fi\/sv\/wp-json\/wp\/v2\/comments?post=4312"}],"version-history":[{"count":0,"href":"https:\/\/kuljetus-soderholm.fi\/sv\/wp-json\/wp\/v2\/pages\/4312\/revisions"}],"wp:attachment":[{"href":"https:\/\/kuljetus-soderholm.fi\/sv\/wp-json\/wp\/v2\/media?parent=4312"}],"curies":[{"name":"wp","href":"https:\/\/api.w.org\/{rel}","templated":true}]}}